{"id":23,"date":"2010-10-02T23:51:47","date_gmt":"2010-10-02T21:51:47","guid":{"rendered":"http:\/\/web.leinders.de\/"},"modified":"2011-06-22T14:38:05","modified_gmt":"2011-06-22T12:38:05","slug":"willkommen","status":"publish","type":"page","link":"https:\/\/www.leinders.de\/harald\/","title":{"rendered":"Willkommen"},"content":{"rendered":"<p><a class=\"boxersandswipers\" title=\"Harald_Front\" href=\"https:\/\/www.leinders.de\/harald\/wp-content\/uploads\/2010\/10\/Harald_Front.jpg\"><img loading=\"lazy\" decoding=\"async\" class=\"alignright size-medium wp-image-145\" title=\"Harald_Front\" src=\"https:\/\/www.leinders.de\/harald\/wp-content\/uploads\/2010\/10\/Harald_Front-300x170.jpg\" alt=\"\" width=\"300\" height=\"170\" srcset=\"https:\/\/www.leinders.de\/harald\/wp-content\/uploads\/2010\/10\/Harald_Front-300x170.jpg 300w, https:\/\/www.leinders.de\/harald\/wp-content\/uploads\/2010\/10\/Harald_Front.jpg 390w\" sizes=\"auto, (max-width: 300px) 85vw, 300px\" \/><\/a>Eine eigene Homepage ist irgendwie immer eine heikle Angelegenheit. Obwohl es in Zeiten des Web 2.0 scheinbar zum guten Ton geh\u00f6rt, auf Facebook, Twitter &amp; Co. permanent und unaufh\u00f6rlich jedes noch so kleine Detail aus dem t\u00e4glichen Leben der Welt kund zu tun, glaube ich fest daran, dass das Meiste davon v\u00f6llig uninteressant f\u00fcr den Rest der Menschheit ist.<\/p>\n<p>Insofern m\u00f6chte ich zwar auf diesen Seiten ein wenig von dem erz\u00e4hlen, was mich bewegt oder wer ich bin, versuche aber dabei, sinnloses Geschwafel zu reduzieren. Ob das immer erfolgreich ist, wei\u00df man nie &#8211; wie mein Professor anl\u00e4sslich der Neuauflage eines seiner B\u00fccher sagte: Er habe sich bem\u00fcht, die Anzahl der Rechtschreibfehler zu ver\u00e4ndern.<\/p>\n<p>In diesem Sinne w\u00fcnsche ich viel Spa\u00df auf meinen Seiten.<\/p>\n","protected":false},"excerpt":{"rendered":"<p>Eine eigene Homepage ist irgendwie immer eine heikle Angelegenheit. Obwohl es in Zeiten des Web 2.0 scheinbar zum guten Ton geh\u00f6rt, auf Facebook, Twitter &amp; Co. permanent und unaufh\u00f6rlich jedes noch so kleine Detail aus dem t\u00e4glichen Leben der Welt kund zu tun, glaube ich fest daran, dass das Meiste davon v\u00f6llig uninteressant f\u00fcr den &hellip; <a href=\"https:\/\/www.leinders.de\/harald\/\" class=\"more-link\"><span class=\"screen-reader-text\">\u201eWillkommen\u201c <\/span>weiterlesen<\/a><\/p>\n","protected":false},"author":3,"featured_media":0,"parent":0,"menu_order":0,"comment_status":"closed","ping_status":"closed","template":"","meta":{"ngg_post_thumbnail":0,"footnotes":""},"class_list":["post-23","page","type-page","status-publish","hentry"],"_links":{"self":[{"href":"https:\/\/www.leinders.de\/harald\/wp-json\/wp\/v2\/pages\/23","targetHints":{"allow":["GET"]}}],"collection":[{"href":"https:\/\/www.leinders.de\/harald\/wp-json\/wp\/v2\/pages"}],"about":[{"href":"https:\/\/www.leinders.de\/harald\/wp-json\/wp\/v2\/types\/page"}],"author":[{"embeddable":true,"href":"https:\/\/www.leinders.de\/harald\/wp-json\/wp\/v2\/users\/3"}],"replies":[{"embeddable":true,"href":"https:\/\/www.leinders.de\/harald\/wp-json\/wp\/v2\/comments?post=23"}],"version-history":[{"count":15,"href":"https:\/\/www.leinders.de\/harald\/wp-json\/wp\/v2\/pages\/23\/revisions"}],"predecessor-version":[{"id":165,"href":"https:\/\/www.leinders.de\/harald\/wp-json\/wp\/v2\/pages\/23\/revisions\/165"}],"wp:attachment":[{"href":"https:\/\/www.leinders.de\/harald\/wp-json\/wp\/v2\/media?parent=23"}],"curies":[{"name":"wp","href":"https:\/\/api.w.org\/{rel}","templated":true}]}}