{"id":83,"date":"2010-10-05T22:29:51","date_gmt":"2010-10-05T20:29:51","guid":{"rendered":"http:\/\/web.leinders.de\/"},"modified":"2018-05-22T10:10:12","modified_gmt":"2018-05-22T08:10:12","slug":"astronomie","status":"publish","type":"page","link":"https:\/\/www.leinders.de\/harald\/astronomie\/","title":{"rendered":"Astronomie"},"content":{"rendered":"<p>Eigentlich waren Sterne f\u00fcr mich immer Dinge, die nutzlos am Himmel rumhingen. Nat\u00fcrlich gab es Sternbilder (die ich nie entdecken konnte, vielleicht vom gro\u00dfen Wagen mal abgesehen) und man kann danach navigieren (ich komme von Niederrhein, und ich habe eine Stra\u00dfenkarte). Also irgendwie sinnlos.<\/p>\n<p>Das \u00e4nderte sich, als mein Physiklehrer am Gymnasium uns eines nachts mit auf das Schuldach nahm (was an sich schon streng verboten war) und uns mit seinem Fernrohr (er war Hobbyastronom) die Sterne zeigte. Ein Schl\u00fcsselerlebnis dabei war, dass ich den Saturn mit seinen Ringen mit eigenen Augen gesehen habe. Auf einmal waren das eben nicht mehr nur Lichtpunkte, sondern reale K\u00f6rper.<\/p>\n<p>Danach zog ich aber bald nach K\u00f6ln, und in K\u00f6ln sieht man vom Himmel: Genau nichts. In den St\u00e4dten ist es nachts viel zu hell, zu verdreckt, zu zugebaut. Die Sterne gerieten in Vergessenheit.<\/p>\n<p>Das \u00e4nderte sich, nachdem ich in die Eifel zog. Hier war es so dunkel, dass ich zu Zeiten, in denen wir das Haus renovierten und keinen Strom hatten, mein Auto mit der Taschenlampe suchen musste. Und eines Tages schaute ich nachts nach oben, blieb stehen, schaute nochmal und war \u00fcberw\u00e4ltigt. Die alte Liebe flammte wieder auf, und ich legte mir bald darauf ein erstes, kleines Teleskop zu. Nachts die Sterne zu beobachten, nach Nebeln und Planeten zu suchen und sich zu freuen, wenn man sie erfolgreich lokalisiert hat, hat etwas unglaublich entspannendes. Ich sage dazu gern: Das ist wie Angeln, nur ohne W\u00fcrmer.<\/p>\n<p>Wenn man sich mit der optischen Astronomie besch\u00e4ftigt, dann lernt man eines ziemlich schnell: Der Blick durch ein Teleskop hat nur wenig mit Hubble-Bildern zu tun. Nachts gibt es nur wenig Farben, auch am Himmel. Die meisten Objekte (Nebel, Galaxien) erscheinen wei\u00df und sind oft nur schwer zu fixieren. Es gibt nur wenige klar strukturierte Nebel, wie z.B. der Ringnebel in der Leier (M57), die meisten sind, zumindest in kleineren Optiken, diffus und lichtschwach. Anders ist es bei Planeten, vor allem Mars, Saturn und Jupiter, wo es geradezu farbenpr\u00e4chtig zugeht. Trotzdem ist es nicht langweilig, im Gegenteil. Am Himmel gibt es wahre Fundgruben von ausgedehnten Objekten, die man ab 4\u201c gut beobachten kann. Auch Planeten erscheinen deutlich als Scheiben, und lassen bei gutem Seeing Oberfl\u00e4chenstrukturen erkennen. Der Blick in einen Sternhaufen mit tausenden, eng zusammenstehenden Sonnen aller Farben ist ein spektakul\u00e4res Erlebnis. An einem kann ich mich nie satt sehen, und so schlie\u00dft sich der Kreis: Saturn mit seinen Ringen.<\/p>\n<p><strong>Equipment<\/strong><\/p>\n<p><a class=\"boxersandswipers\" title=\"Optus\" href=\"https:\/\/www.leinders.de\/harald\/wp-content\/uploads\/2010\/10\/Optus.jpg\"><img loading=\"lazy\" decoding=\"async\" class=\"alignright size-full wp-image-116\" title=\"Optus\" src=\"https:\/\/www.leinders.de\/harald\/wp-content\/uploads\/2010\/10\/Optus.jpg\" alt=\"\" width=\"300\" height=\"226\"><\/a>Mein erstes Teleskop war ein 3\u201c-Reflektor vom Aldi. Damit konnte ich 2003 bei der selten nahen Marsopposition die Polkappen erkennen. Das war schon mal ein echtes Highlight, aber Spass machte dieses Teil nicht. R\u00fcckblickend weiss ich heute, dass das eher ein Spielzeug war und ich die DM 50,- besser anders investiert h\u00e4tte. Aber dazu ist man schlie\u00dflich Anf\u00e4nger. Ich habe es neulich auf dem Speicher wieder gefunden und verschenkt.<\/p>\n<p>Anders sieht es schon mit meinem n\u00e4chsten Ger\u00e4t aus. Ich h\u00e4tte es mir damals nicht gekauft, weil es zu teuer war, darum hat meine Frau es mir geschenkt. Zum Gl\u00fcck! \ud83d\ude42<\/p>\n<p><a class=\"boxersandswipers\" title=\"Meade ETX 70\" href=\"https:\/\/www.leinders.de\/harald\/wp-content\/uploads\/2010\/10\/Meade-ETX-70.jpg\"><img loading=\"lazy\" decoding=\"async\" class=\"size-full wp-image-117 alignleft\" title=\"Meade ETX 70\" src=\"https:\/\/www.leinders.de\/harald\/wp-content\/uploads\/2010\/10\/Meade-ETX-70.jpg\" alt=\"\" width=\"300\" height=\"300\" srcset=\"https:\/\/www.leinders.de\/harald\/wp-content\/uploads\/2010\/10\/Meade-ETX-70.jpg 300w, https:\/\/www.leinders.de\/harald\/wp-content\/uploads\/2010\/10\/Meade-ETX-70-150x150.jpg 150w\" sizes=\"auto, (max-width: 300px) 85vw, 300px\" \/><\/a>Das Ger\u00e4t ist ein&nbsp;Meade ETX 70&nbsp;mit ebenfalls einer \u00d6ffnung von 3\u201c, allerdings als kurzbrennweitiger Refraktor. Durch die kurze Bauweise eignet es sich ideal als Reiseger\u00e4t, und ich habe es im Urlaub immer dabei. Trotzdem hat es f\u00fcr seine Gr\u00f6\u00dfe sehr gute Abbildungsqualit\u00e4ten und das Sternegucken macht damit schon viel Spass. Ausserdem verf\u00fcgt es trotz seiner Gr\u00f6\u00dfe \u00fcber eine azimutale Goto-Montierung mit Starfinder und Nachf\u00fchrmotoren.<br \/>\nEin sch\u00f6nes, schnell aufgebautes Ger\u00e4t.<\/p>\n<p>&nbsp;<\/p>\n<p><a class=\"boxersandswipers\" title=\"skylux\" href=\"https:\/\/www.leinders.de\/harald\/wp-content\/uploads\/2010\/10\/skylux.jpg\"><img loading=\"lazy\" decoding=\"async\" class=\"alignright size-full wp-image-118\" title=\"skylux\" src=\"https:\/\/www.leinders.de\/harald\/wp-content\/uploads\/2010\/10\/skylux.jpg\" alt=\"\" width=\"300\" height=\"300\" srcset=\"https:\/\/www.leinders.de\/harald\/wp-content\/uploads\/2010\/10\/skylux.jpg 300w, https:\/\/www.leinders.de\/harald\/wp-content\/uploads\/2010\/10\/skylux-150x150.jpg 150w\" sizes=\"auto, (max-width: 300px) 85vw, 300px\" \/><\/a>Das n\u00e4chste Rohr habe ich dann bei EBay ersteigert, und zwar bei einer zuf\u00e4llig entdeckten, schlecht terminierten und etwas ungl\u00fccklich versteckt eingestellten Auktion f\u00fcr unglaubliche 15,- Euro. Das ganze mit allem Zubeh\u00f6r im Originalkarton. Gl\u00fcck gehabt, denn es handelt sich das in Astronomiekreisen als Geheimtipp f\u00fcr Einsteiger gehandelten \u201eLidl-Skop\u201c (weil das bei dem genannten Discounter oft als Weihnachtsaktion \u00fcber die Theke ging). Offiziell ist es ein&nbsp;Bresser Skylux 70\/700 (zweite Generation), also ebenfalls ein 3\u201c-Ger\u00e4t mit 700mm Brennweite. Es hat eine parallaktische Montierung (die EQ3) und konnte mit einem Stundenmotor nachger\u00fcstet werden (was ich mittlerweile auch gemacht habe).<\/p>\n<p>Trotz der vergleichsweise geringen \u00d6ffnung kann man mit diesem Rohr schon eine ganze Menge sehen. Nat\u00fcrlich kann man hier keine Hubble-Bilder erwarten, aber das ist eine grunds\u00e4tzliche Erkenntnis, die man als angehender Hobby-Astronom schnell macht: Die Nacht im Teleskop ist, bis auf wenige Ausnahmen, eine farblose Sache, und viele Nicht-Hobbyisten k\u00f6nnen die Begeisterung bei Ausrufen \u201eSiehst Du den verwaschenen wei\u00dfen Fleck da?\u201c oft nicht so recht nachvollziehen. Aber Planeten, Mond und gr\u00f6\u00dfere Nebel liegen ganz eindeutig in Reichweie dieses Ger\u00e4tes. Viele Bilder mit der Webcam (s.u.) habe ich mit diesem Ger\u00e4t gemacht.<\/p>\n<p><a class=\"boxersandswipers\" title=\"SkyWatcher\" href=\"https:\/\/www.leinders.de\/harald\/wp-content\/uploads\/2010\/10\/SkyWatcher.png\"><img loading=\"lazy\" decoding=\"async\" class=\"alignleft size-full wp-image-119\" title=\"SkyWatcher\" src=\"https:\/\/www.leinders.de\/harald\/wp-content\/uploads\/2010\/10\/SkyWatcher.png\" alt=\"\" width=\"281\" height=\"335\" srcset=\"https:\/\/www.leinders.de\/harald\/wp-content\/uploads\/2010\/10\/SkyWatcher.png 281w, https:\/\/www.leinders.de\/harald\/wp-content\/uploads\/2010\/10\/SkyWatcher-251x300.png 251w\" sizes=\"auto, (max-width: 281px) 85vw, 281px\" \/><\/a>Das erste wirklich ernst zu nehmende Teleskop habe ich mir mit dem&nbsp;Skywatcher SKR 1201 geleistet. Es handelt es sich um ein Ger\u00e4t mit 5\u201c \u00d6ffnung und einer Brennweite von 1000 mm. Der Unterschied zum Skylux ist nat\u00fcrlich gewaltig, und zusammen mit der EQ5-Montierung und dem ebenfalls neu gekauften Stativ ist man tats\u00e4chlich in einer anderen Liga.<\/p>\n<p>Das Quartett im Orionnebel l\u00e4sst sich damit leicht aufl\u00f6sen, und auch das Erkennen von \u03b5-Lyra als 4-fach System (genauer: bin\u00e4res Doppelsystem) gelingt. Auch die ersten Galaxien und viele Nebel sind jetzt in Reichweite. Die EQ5 habe ich mit Stunden- und Deklinationsmotoren ausgestattet, so dass ich auch (nach hinreichend genauer Kalibrierung der Montierung) auch Bilder machen kann. Insgesamt ein sch\u00f6nes Ger\u00e4t. Wenn&#8230;, ja wenn da nicht dieser Farbfehler w\u00e4re. Optisch ist es wirklich nach wie vor ein sch\u00f6nes Ger\u00e4t, und es macht gro\u00dfen Spa\u00df, damit nachts auf Himmelssafari zu gehen. Bei Aufnahmen zeigen sich jedoch vor allem bei langen Belichtungen oder gestackten Aufnahmen schnell \u00fcble Farbs\u00e4ume, vor allem bei hellen Objekten wie Jupiter und Saturn (siehe auch das erste Jupiterbild unten).&nbsp;<\/p>\n<p>&nbsp;<\/p>\n<p><a class=\"boxersandswipers\" title=\"Skywatcher-Teleskop-N-200-1000-PDS-Explorer-BD\" href=\"https:\/\/www.leinders.de\/harald\/wp-content\/uploads\/2017\/05\/Skywatcher-Teleskop-N-200-1000-PDS-Explorer-BD.jpg\"><img loading=\"lazy\" decoding=\"async\" class=\"wp-image-855 alignleft\" src=\"https:\/\/www.leinders.de\/harald\/wp-content\/uploads\/2017\/05\/Skywatcher-Teleskop-N-200-1000-PDS-Explorer-BD.jpg\" alt=\"\" width=\"395\" height=\"395\" srcset=\"https:\/\/www.leinders.de\/harald\/wp-content\/uploads\/2017\/05\/Skywatcher-Teleskop-N-200-1000-PDS-Explorer-BD.jpg 800w, https:\/\/www.leinders.de\/harald\/wp-content\/uploads\/2017\/05\/Skywatcher-Teleskop-N-200-1000-PDS-Explorer-BD-150x150.jpg 150w, https:\/\/www.leinders.de\/harald\/wp-content\/uploads\/2017\/05\/Skywatcher-Teleskop-N-200-1000-PDS-Explorer-BD-300x300.jpg 300w, https:\/\/www.leinders.de\/harald\/wp-content\/uploads\/2017\/05\/Skywatcher-Teleskop-N-200-1000-PDS-Explorer-BD-768x768.jpg 768w\" sizes=\"auto, (max-width: 395px) 85vw, 395px\" \/><\/a>Daher habe ich dann nochmal nachgelegt und mir ein Foto-Newton zugelegt. Das ist auch mein momentanes Flaggschiff und brauchte, allein vom Gewicht her, auch eine neue Montierung. Es handelt sich um einen <strong>Skywatcher PDS Explorer BD<\/strong> mit 8&#8243; \u00d6ffnung und einer Brennweite von f\/5. Da hier keine Linsen im Spiel sind, gibt es auch keine Farbfehler. Hier kann man eine DSLR am Auszug anbringen und Langzeitbelichtungen machen. Die neue Montierung (Eine NEQ6 SynScan) tr\u00e4gt diesen Tr\u00fcmmer leicht und gestattet auch Autoguiding mittels Leitrohr.<\/p>\n<p>Was jetzt in dieser Sammlung noch fehlt, ist ein echter Planetenspezialist. Daf\u00fcr braucht man neben \u00d6ffnung vor allem Brennweite. Hier bietet sich ein Instrument in Maksutov-Bauweise an, das ist eine Kombination aus Linsen- und Spiegelteleskop. Vor allem sind diese Teleskope relativ preisg\u00fcnstig. Meine Wahl fiel auf ein <strong>Skywatcher MC 127\/1500 BD<\/strong>.&nbsp;<\/p>\n<p><a class=\"boxersandswipers\" title=\"Skywatcher-Maksutov-Teleskop-MC-127-1500-SkyMax-BD\" href=\"https:\/\/www.leinders.de\/harald\/wp-content\/uploads\/2017\/05\/Skywatcher-Maksutov-Teleskop-MC-127-1500-SkyMax-BD-e1496261597842.jpg\"><img loading=\"lazy\" decoding=\"async\" class=\"wp-image-854 aligncenter\" src=\"https:\/\/www.leinders.de\/harald\/wp-content\/uploads\/2017\/05\/Skywatcher-Maksutov-Teleskop-MC-127-1500-SkyMax-BD-e1496261597842.jpg\" alt=\"\" width=\"420\" height=\"370\" srcset=\"https:\/\/www.leinders.de\/harald\/wp-content\/uploads\/2017\/05\/Skywatcher-Maksutov-Teleskop-MC-127-1500-SkyMax-BD-e1496261597842.jpg 572w, https:\/\/www.leinders.de\/harald\/wp-content\/uploads\/2017\/05\/Skywatcher-Maksutov-Teleskop-MC-127-1500-SkyMax-BD-e1496261597842-300x264.jpg 300w\" sizes=\"auto, (max-width: 420px) 85vw, 420px\" \/><\/a><\/p>\n<p>Die irre lange Brennweite in der kompakten Bauform wird dadurch erreicht, indem der Lichtweg innerhalb des Ger\u00e4tes mehrfach &#8222;gefaltet&#8220; wird. Bei einer L\u00e4nge von etwas \u00fcber 30cm wird hier eine Brennweite von \u00fcber 1,5m erzeugt! Da machen Planeten und Mond schon m\u00e4chtig Spa\u00df. Ein tolles kleines Ding, welches sich auch hervorragend als Reiseteleskop eignet, denn es passt von Gewicht und Gr\u00f6\u00dfe auch prima auf ein gutes Fotostativ.<\/p>\n<p>Mein neuestes Spielzeug setzt die Reise hin zu Planeten dann konsequent fort: Noch mehr Brennweite bei noch mehr \u00d6ffnung! Es handelt sich um ein Meade LX200 8&#8243; ACF mit 2m Brennweite und 20,3cm \u00d6ffnung.&nbsp;<\/p>\n<p><a class=\"boxersandswipers\" title=\"Meade-Teleskop-ACF-SC-203-2000-8-UHTC-LX200-OTA\" href=\"https:\/\/www.leinders.de\/harald\/wp-content\/uploads\/2018\/05\/Meade-Teleskop-ACF-SC-203-2000-8-UHTC-LX200-OTA.jpg\"><img loading=\"lazy\" decoding=\"async\" class=\"aligncenter size-full wp-image-1082\" src=\"https:\/\/www.leinders.de\/harald\/wp-content\/uploads\/2018\/05\/Meade-Teleskop-ACF-SC-203-2000-8-UHTC-LX200-OTA.jpg\" alt=\"\" width=\"300\" height=\"300\" srcset=\"https:\/\/www.leinders.de\/harald\/wp-content\/uploads\/2018\/05\/Meade-Teleskop-ACF-SC-203-2000-8-UHTC-LX200-OTA.jpg 300w, https:\/\/www.leinders.de\/harald\/wp-content\/uploads\/2018\/05\/Meade-Teleskop-ACF-SC-203-2000-8-UHTC-LX200-OTA-150x150.jpg 150w\" sizes=\"auto, (max-width: 300px) 85vw, 300px\" \/><\/a><\/p>\n<p>Man kann durchaus sagen, dass das Meade der gro\u00dfe Bruder des SW-Mak ist.<\/p>\n<p>&nbsp;<\/p>\n<p><strong>Aufnahmen<\/strong><\/p>\n<p>Nach dem Sehen kommt irgendwann der Wunsch, jemandem auch zeigen zu k\u00f6nnen, was man gesehen hat. Wie macht man denn Bilder von Sternen?<\/p>\n<p>Fr\u00fcher brauchte man dazu eine ungeheuer teure Ausr\u00fcstung mit sehr genauen Montierungen, teuren Kameras mit Spezialfilm und sehr, sehr viel Geduld. In den letzten Jahren hat sich aber eine neue Technik entwickelt, die mit sehr viel weniger Aufwand auskommt: WebCams.<\/p>\n<p>Dies erscheint auf den ersten Blick widersinnig &#8211; wenn man schon keine ordentlichen Bilder des Himmels bei Belichtungszeiten unter einer Minute anfertigen kann, wie soll man da gleich Filme aufnehmen k\u00f6nnen?<\/p>\n<p>Der Trick ist, dass die Videoclips in Einzelbilder zerlegt und anschlie\u00dfend \u00fcberlagert werden. So werden St\u00f6rungen herausgemittelt und echte Informationen verst\u00e4rkt. Damit gelingen tats\u00e4chlich \u00fcberraschende Ergebnisse. Eine kleine Auswahl m\u00f6chte ich hier zeigen.<\/p>\n<p><a class=\"boxersandswipers\" title=\"Tycho\" href=\"https:\/\/www.leinders.de\/harald\/wp-content\/uploads\/2010\/10\/Tycho.png\"><img loading=\"lazy\" decoding=\"async\" class=\"alignleft size-full wp-image-121\" title=\"Tycho\" src=\"https:\/\/www.leinders.de\/harald\/wp-content\/uploads\/2010\/10\/Tycho.png\" alt=\"\" width=\"285\" height=\"215\"><\/a>Die s\u00fcdliche Polarregion des Mondes. Man erkennt den m\u00e4chtigen und auch mit blo\u00dfem Auge zu erkennenden Krater Tycho. Dar\u00fcber die s\u00fcdlichen Ausl\u00e4ufer des Oceanus Procellarum. Achtung: Alle Bilder sind aus optischen Gr\u00fcnden seitenverkehrt.<\/p>\n<p><a class=\"boxersandswipers\" title=\"MareFrigoris\" href=\"https:\/\/www.leinders.de\/harald\/wp-content\/uploads\/2010\/10\/MareFrigoris.png\"><img loading=\"lazy\" decoding=\"async\" class=\"alignright size-full wp-image-122\" title=\"MareFrigoris\" src=\"https:\/\/www.leinders.de\/harald\/wp-content\/uploads\/2010\/10\/MareFrigoris.png\" alt=\"\" width=\"289\" height=\"218\"><\/a>Die n\u00f6rdliche Hemisph\u00e4re des Mondes. Oben das breite&nbsp;Mare Frigoris, darunter links das Mare Serenitatis&nbsp;und rechts das&nbsp;Mare Imbrium. Der gut zu erkennende, dunkle Krater etwas rechts der Bildmitte ist&nbsp;Plato<\/p>\n<p><a class=\"boxersandswipers\" title=\"Jupiter bw Monde\" href=\"https:\/\/www.leinders.de\/harald\/wp-content\/uploads\/2010\/10\/Jupiter-bw-Monde.jpg\"><img loading=\"lazy\" decoding=\"async\" class=\"alignleft size-full wp-image-123\" title=\"Jupiter bw Monde\" src=\"https:\/\/www.leinders.de\/harald\/wp-content\/uploads\/2010\/10\/Jupiter-bw-Monde.jpg\" alt=\"\" width=\"285\" height=\"218\"><\/a>Der&nbsp;Jupiter&nbsp;mit seinen inneren Monden&nbsp;Io, Europa,&nbsp;Ganymed&nbsp;und Callisto. Jupiter ist stark \u00fcberbelichtet, damit die viel lichtschw\u00e4cheren Monde abgebildet werden konnten.<\/p>\n<p><a class=\"boxersandswipers\" href=\"https:\/\/www.leinders.de\/harald\/wp-content\/uploads\/2017\/06\/mars_resampled_crop.jpg\"><img loading=\"lazy\" decoding=\"async\" class=\"wp-image-866 size-full alignright\" title=\"Mars\" src=\"https:\/\/www.leinders.de\/harald\/wp-content\/uploads\/2017\/06\/mars_resampled_crop-e1496300822966.jpg\" alt=\"\" width=\"200\" height=\"180\"><\/a>Der&nbsp;Mars.&nbsp;Nat\u00fcrlich existieren mittlerweile schon mehrere permanente Satelliten und Mars-Rover, und alle liefern sie bessere Bilder. Aber das hier ist einfach selbst gemacht und f\u00fcr mich deswegen etwas besonderes.<\/p>\n<p><a class=\"boxersandswipers\" title=\"Saturn\" href=\"https:\/\/www.leinders.de\/harald\/wp-content\/uploads\/2010\/10\/Saturn.png\"><img loading=\"lazy\" decoding=\"async\" class=\"alignleft size-full wp-image-125\" title=\"Saturn\" src=\"https:\/\/www.leinders.de\/harald\/wp-content\/uploads\/2010\/10\/Saturn.png\" alt=\"\" width=\"201\" height=\"189\"><\/a>Der&nbsp;Saturn.&nbsp;Mit ihm hat irgendwie alles angefangen, jedenfalls war es ein solcher Anblick, der mich gefesselt hat.<br \/>\nMan erkennt gut die n\u00f6rdlichen und s\u00fcdlichen Hauptwolkenb\u00e4nder, und, trotz des nicht ganz optimalen Seeings die Cassinische Teilung der Ringe.<br \/>\nDas Bild ist schon drei Jahre alt, momentan ist durch die Stellung des Saturn zur Erde das Ringsystem nicht gut zu beobachten (Ringkantenstellung)<\/p>\n<p><a class=\"boxersandswipers\" title=\"Jupiter4g\" href=\"https:\/\/www.leinders.de\/harald\/wp-content\/uploads\/2010\/10\/Jupiter4g.jpg\"><img loading=\"lazy\" decoding=\"async\" class=\"alignright size-medium wp-image-651\" src=\"https:\/\/www.leinders.de\/harald\/wp-content\/uploads\/2010\/10\/Jupiter4g-300x265.jpg\" alt=\"Jupiter4g\" width=\"300\" height=\"265\" srcset=\"https:\/\/www.leinders.de\/harald\/wp-content\/uploads\/2010\/10\/Jupiter4g-300x265.jpg 300w, https:\/\/www.leinders.de\/harald\/wp-content\/uploads\/2010\/10\/Jupiter4g.jpg 375w\" sizes=\"auto, (max-width: 300px) 85vw, 300px\" \/><\/a>Daf\u00fcr steht der Jupiter im Moment ziemlich gut im Zenit. Daher ist er auch gut &#8222;zu erwischen.&#8220; Problematisch an Jupiter ist allerdings, obwohl sich das zun\u00e4chst widersinnig anh\u00f6rt, seine Helligkeit. Hier muss man die Belichtungszeit herunterschrauben, was leider auf Kosten der kleineren Details geht. Auch seine Monde sind nicht mit abzubilden, die werden gnadenlos \u00fcberstrahlt.<\/p>\n<p>&nbsp;<\/p>\n<p>Allerdings ist das auch eine Frage des Ger\u00e4ts. Die Aufnahmen bisher wurden alle mit Refraktoren und einer Webcam (Phillips TwoCam bzw. Phillips SPC 900). Das funktioniert zwar schon ganz gut, aber zum einen erzeugen Linsenteleskope immer Farbs\u00e4ume, zum anderen kommt eine Webcam von der Lichtst\u00e4rke und Rauschen dann doch irgendwann an ihre Grenzen.&nbsp;<\/p>\n<p>Mit einem langbrennweitigem Teleskop wie dem Maksutov und einer wirklich Astro-tauglichen Kamera wie der <strong>ZWO ASI 120 MC<\/strong> gelingen dann doch bessere Aufnahmen. Als Beweis hier nochmal der Jupiter (aufgenommen am 26.5.2017) und Saturn (aufgenommen am 15.6.2017):<\/p>\n<p><a class=\"boxersandswipers\" title=\"23_43_49_g4_ap19_25_regi_3\" href=\"https:\/\/www.leinders.de\/harald\/wp-content\/uploads\/2017\/05\/23_43_49_g4_ap19_25_regi_3.jpg\"><img loading=\"lazy\" decoding=\"async\" class=\"aligncenter size-full wp-image-856\" src=\"https:\/\/www.leinders.de\/harald\/wp-content\/uploads\/2017\/05\/23_43_49_g4_ap19_25_regi_3.jpg\" alt=\"\" width=\"1128\" height=\"912\" srcset=\"https:\/\/www.leinders.de\/harald\/wp-content\/uploads\/2017\/05\/23_43_49_g4_ap19_25_regi_3.jpg 1128w, https:\/\/www.leinders.de\/harald\/wp-content\/uploads\/2017\/05\/23_43_49_g4_ap19_25_regi_3-300x243.jpg 300w, https:\/\/www.leinders.de\/harald\/wp-content\/uploads\/2017\/05\/23_43_49_g4_ap19_25_regi_3-768x621.jpg 768w, https:\/\/www.leinders.de\/harald\/wp-content\/uploads\/2017\/05\/23_43_49_g4_ap19_25_regi_3-1024x828.jpg 1024w\" sizes=\"auto, (max-width: 709px) 85vw, (max-width: 909px) 67vw, (max-width: 1362px) 62vw, 840px\" \/><\/a><\/p>\n<p>&nbsp;<\/p>\n<figure id=\"attachment_874\" aria-describedby=\"caption-attachment-874\" style=\"width: 444px\" class=\"wp-caption aligncenter\"><a class=\"boxersandswipers\" href=\"https:\/\/www.leinders.de\/harald\/wp-content\/uploads\/2017\/07\/00_44_20_pipp_lapl4_ap16_regi_col_res3.png\"><img loading=\"lazy\" decoding=\"async\" class=\"size-full wp-image-874\" src=\"https:\/\/www.leinders.de\/harald\/wp-content\/uploads\/2017\/07\/00_44_20_pipp_lapl4_ap16_regi_col_res3.png\" alt=\"Saturn vom 14.6.2017\" width=\"444\" height=\"444\" srcset=\"https:\/\/www.leinders.de\/harald\/wp-content\/uploads\/2017\/07\/00_44_20_pipp_lapl4_ap16_regi_col_res3.png 444w, https:\/\/www.leinders.de\/harald\/wp-content\/uploads\/2017\/07\/00_44_20_pipp_lapl4_ap16_regi_col_res3-150x150.png 150w, https:\/\/www.leinders.de\/harald\/wp-content\/uploads\/2017\/07\/00_44_20_pipp_lapl4_ap16_regi_col_res3-300x300.png 300w\" sizes=\"auto, (max-width: 444px) 85vw, 444px\" \/><\/a><figcaption id=\"caption-attachment-874\" class=\"wp-caption-text\">Saturn vom 14.6.2017<\/figcaption><\/figure>\n","protected":false},"excerpt":{"rendered":"<p>Eigentlich waren Sterne f\u00fcr mich immer Dinge, die nutzlos am Himmel rumhingen. Nat\u00fcrlich gab es Sternbilder (die ich nie entdecken konnte, vielleicht vom gro\u00dfen Wagen mal abgesehen) und man kann danach navigieren (ich komme von Niederrhein, und ich habe eine Stra\u00dfenkarte). Also irgendwie sinnlos. Das \u00e4nderte sich, als mein Physiklehrer am Gymnasium uns eines nachts &hellip; <a href=\"https:\/\/www.leinders.de\/harald\/astronomie\/\" class=\"more-link\"><span class=\"screen-reader-text\">\u201eAstronomie\u201c <\/span>weiterlesen<\/a><\/p>\n","protected":false},"author":3,"featured_media":0,"parent":0,"menu_order":4,"comment_status":"closed","ping_status":"closed","template":"","meta":{"ngg_post_thumbnail":0,"footnotes":""},"class_list":["post-83","page","type-page","status-publish","hentry"],"_links":{"self":[{"href":"https:\/\/www.leinders.de\/harald\/wp-json\/wp\/v2\/pages\/83","targetHints":{"allow":["GET"]}}],"collection":[{"href":"https:\/\/www.leinders.de\/harald\/wp-json\/wp\/v2\/pages"}],"about":[{"href":"https:\/\/www.leinders.de\/harald\/wp-json\/wp\/v2\/types\/page"}],"author":[{"embeddable":true,"href":"https:\/\/www.leinders.de\/harald\/wp-json\/wp\/v2\/users\/3"}],"replies":[{"embeddable":true,"href":"https:\/\/www.leinders.de\/harald\/wp-json\/wp\/v2\/comments?post=83"}],"version-history":[{"count":24,"href":"https:\/\/www.leinders.de\/harald\/wp-json\/wp\/v2\/pages\/83\/revisions"}],"predecessor-version":[{"id":1080,"href":"https:\/\/www.leinders.de\/harald\/wp-json\/wp\/v2\/pages\/83\/revisions\/1080"}],"wp:attachment":[{"href":"https:\/\/www.leinders.de\/harald\/wp-json\/wp\/v2\/media?parent=83"}],"curies":[{"name":"wp","href":"https:\/\/api.w.org\/{rel}","templated":true}]}}