{"id":90,"date":"2010-10-05T22:39:42","date_gmt":"2010-10-05T20:39:42","guid":{"rendered":"http:\/\/web.leinders.de\/"},"modified":"2012-12-24T09:46:44","modified_gmt":"2012-12-24T08:46:44","slug":"physik","status":"publish","type":"page","link":"https:\/\/www.leinders.de\/harald\/physik\/","title":{"rendered":"Physik"},"content":{"rendered":"<p><a class=\"boxersandswipers\" title=\"Physik2\" href=\"https:\/\/www.leinders.de\/harald\/wp-content\/uploads\/2010\/10\/Physik2.jpg\"><img loading=\"lazy\" decoding=\"async\" class=\"alignright size-full wp-image-104\" title=\"Physik2\" alt=\"\" src=\"https:\/\/www.leinders.de\/harald\/wp-content\/uploads\/2010\/10\/Physik2.jpg\" width=\"277\" height=\"145\" \/><\/a>Ich gebe gerne zu: Als Jugendlicher habe ich jeden Science-Fiction-Roman gelesen, den ich in die Finger bekommen konnte. Da konnte die Begeisterung f\u00fcr Naturwissenschaft und Technik nicht ausbleiben. Nat\u00fcrlich war ich damals von der Realit\u00e4t meilenweit entfernt und wollte eigentlich nur Astronaut werden \ud83d\ude42<\/p>\n<p>Trotzdem blieb die Faszination, und nach der Standard-Kombination des hoffnungsvollen, angehenden Genies (Mathe- und Physik-Leistungskurs) stand der Einschreibung an der Universit\u00e4t zu K\u00f6ln nichts mehr im Wege.<\/p>\n<p>Ich will an dieser Stelle allerdings gleich vorweg nehmen: Das mit dem Genie hat dann doch nicht geklappt.<\/p>\n<p><a class=\"boxersandswipers\" title=\"Physik1\" href=\"https:\/\/www.leinders.de\/harald\/wp-content\/uploads\/2010\/10\/Physik1.jpg\"><img loading=\"lazy\" decoding=\"async\" class=\"alignleft size-full wp-image-105\" title=\"Physik1\" alt=\"\" src=\"https:\/\/www.leinders.de\/harald\/wp-content\/uploads\/2010\/10\/Physik1.jpg\" width=\"259\" height=\"184\" \/><\/a>Insbesondere musste ich lernen, dass Physik ab einem gewissen Punkt vor allem Mathematik ohne Zahlen ist &#8211; daf\u00fcr mit jeder Menge merkw\u00fcrdiger Symbole und griechischer Zeichen, weil einem immer so schnell die Buchstaben ausgehen. Wenn man dieses Jammertal (dazu z\u00e4hle ich mal weite Teile des Grundstudiums) allerdings einmal durchwatet hat, dann kommt die alte Faszination aber schnell wieder &#8211; und bleibt dieses Mal auch!<\/p>\n<p>Nach dem Grundstudium wollte ich eigentlich Theoretiker werden und habe auch die entsprechenden Vorlesungen besucht. Nach einigen Projekten in den Semesterferien (so genannte Mini-Forschungen) im Institut f\u00fcr Theoretische Physik und ein paar Erfahrungen, auf die ich nicht n\u00e4her eingehen m\u00f6chte, habe ich herausgefunden, dass Experimentalphysiker einfach besser drauf sind (und vor allem besser feiern k\u00f6nnen!). Insofern war es nur logisch, umzusatteln und doch lieber eine Diplomarbeit in einer Experimentalgruppe zu suchen &#8211; und dann dort eine theoretische Arbeit zu schreiben \ud83d\ude42<\/p>\n<p>Getroffen hat es das II. Phys. Inst. der Uni K\u00f6ln, und dort speziell die\u00a0<a title=\"http:\/\/www.ph2.uni-koeln.de\/348.html\" href=\"http:\/\/www.ph2.uni-koeln.de\/348.html\">Arbeitsgruppe<\/a> unter\u00a0<a title=\"http:\/\/de.wikipedia.org\/wiki\/G\u00fcnter_Nimtz\" href=\"http:\/\/de.wikipedia.org\/wiki\/G%C3%BCnter_Nimtz\">Prof. Dr. G\u00fcnter Nimtz<\/a>, bei dem ich dann sp\u00e4ter auch promoviert habe.<\/p>\n<p>Mein Spezialgebiet ist die Elektrodynamik, und dort insbesondere die Wellenausbreitung in Materie. Als nicht-physikalisches Wahlfach habe ich Mathematik gew\u00e4hlt, wobei ein Grund sicherlich der war, dass mich der Mathematik-Professor im Vordiplom weitgehend zerlegt hatte, und ich war nicht bereit, das so hinzunehmen. \ud83d\ude42<\/p>\n<p>Es hat sich auch als gute Wahl erwiesen, denn Mathematik liegt mir und im Diplom lief es dann auch sehr viel besser. Auch liegt das Fach nahe, wenn man eher theoretisch ausgerichtet ist, und z.B. die Diplompr\u00fcfung in Theorie (bei einem Professor, vor dem ich mein ganzen Hauptstudium lang furchtbare Angst hatte, und der sich in der Pr\u00fcfung dann auf einmal als umg\u00e4nglicher und netter Mensch entpuppte) h\u00e4tte auch als Pr\u00fcfung in Funktionentheorie durchgehen k\u00f6nnen.<\/p>\n<p>Ich habe mich dort sehr wohl gef\u00fchlt. Man bekommt einen Einblick, wie wissenschaftliche Arbeit funktioniert, lernt sehr viel und hat vor allem keine Semesterferien mehr. Aber irgendein Haken ist ja immer dabei \ud83d\ude42<\/p>\n<p>Trotzdem blieb auch genug Zeit zum Leben, denn dort habe ich unglaublich nette Leute kennen gelernt, und auch die legend\u00e4ren Feiern sollten nicht unerw\u00e4hnt bleiben (wenn auch besser nicht im Detail, vielleicht so viel: Mit fl\u00fcssigem Stickstoff, Gummib\u00e4rchen, leeren Granini-Flaschen und Feuerzeug-Gas kann man ganz unglaubliche Dinge tun. Manchmal reicht allerdings auch Feuerzangenbowle). Nicht zu vergessen die Teilnahme an den beiden <a href=\"http:\/\/www.xpilot.org\/community\/\" target=\"_blank\">EXTC<\/a>\u2018s, den European\u00a0<a title=\"http:\/\/www.xpilot.org\/\" href=\"http:\/\/www.xpilot.org\/\">XPilot<\/a> Teamcups. Mein Kampfname war \u00fcbrigens \u201eTwix\u201c \ud83d\ude42<\/p>\n<p>F\u00fcr Interessierte, sozusagen als Beweis, dass wir auch vern\u00fcnftige Dinge getan haben:<\/p>\n<p>&nbsp;<\/p>\n<ul>\n<li>Diplomarbeit: \u201e<a href=\"http:\/\/web.leinders.de\/harald\/wp-content\/uploads\/2010\/10\/diplom_hl_01.pdf\">Numerische Simulation effektiver Medien mit magnetischen Materialeigenschaften<\/a>\u201c<\/li>\n<li>Dissertation: \u201e<a title=\"http:\/\/deposit.ddb.de\/cgi-bin\/dokserv?idn=963905988&amp;amp;dok_var=d1&amp;amp;dok_ext=pdf&amp;amp;filename=963905988.pdf\" href=\"http:\/\/deposit.ddb.de\/cgi-bin\/dokserv?idn=963905988&amp;amp;dok_var=d1&amp;amp;dok_ext=pdf&amp;amp;filename=963905988.pdf\">Numerische Simulation effektiver Medien und Absorberstrukturen im Zeitbereich<\/a>\u201c (alternativer Download:\u00a0<a href=\"https:\/\/www.leinders.de\/harald\/wp-content\/uploads\/2012\/12\/Dissertation_Harald_Leinders.pdf\">Hier<\/a>)<\/li>\n<\/ul>\n","protected":false},"excerpt":{"rendered":"<p>Ich gebe gerne zu: Als Jugendlicher habe ich jeden Science-Fiction-Roman gelesen, den ich in die Finger bekommen konnte. Da konnte die Begeisterung f\u00fcr Naturwissenschaft und Technik nicht ausbleiben. Nat\u00fcrlich war ich damals von der Realit\u00e4t meilenweit entfernt und wollte eigentlich nur Astronaut werden \ud83d\ude42 Trotzdem blieb die Faszination, und nach der Standard-Kombination des hoffnungsvollen, angehenden &hellip; <a href=\"https:\/\/www.leinders.de\/harald\/physik\/\" class=\"more-link\"><span class=\"screen-reader-text\">\u201ePhysik\u201c <\/span>weiterlesen<\/a><\/p>\n","protected":false},"author":3,"featured_media":0,"parent":0,"menu_order":3,"comment_status":"closed","ping_status":"closed","template":"","meta":{"ngg_post_thumbnail":0,"footnotes":""},"class_list":["post-90","page","type-page","status-publish","hentry"],"_links":{"self":[{"href":"https:\/\/www.leinders.de\/harald\/wp-json\/wp\/v2\/pages\/90","targetHints":{"allow":["GET"]}}],"collection":[{"href":"https:\/\/www.leinders.de\/harald\/wp-json\/wp\/v2\/pages"}],"about":[{"href":"https:\/\/www.leinders.de\/harald\/wp-json\/wp\/v2\/types\/page"}],"author":[{"embeddable":true,"href":"https:\/\/www.leinders.de\/harald\/wp-json\/wp\/v2\/users\/3"}],"replies":[{"embeddable":true,"href":"https:\/\/www.leinders.de\/harald\/wp-json\/wp\/v2\/comments?post=90"}],"version-history":[{"count":14,"href":"https:\/\/www.leinders.de\/harald\/wp-json\/wp\/v2\/pages\/90\/revisions"}],"predecessor-version":[{"id":108,"href":"https:\/\/www.leinders.de\/harald\/wp-json\/wp\/v2\/pages\/90\/revisions\/108"}],"wp:attachment":[{"href":"https:\/\/www.leinders.de\/harald\/wp-json\/wp\/v2\/media?parent=90"}],"curies":[{"name":"wp","href":"https:\/\/api.w.org\/{rel}","templated":true}]}}